{"id":472,"date":"2023-03-20T17:04:24","date_gmt":"2023-03-20T16:04:24","guid":{"rendered":"https:\/\/giterochedesducs.com\/?page_id=472"},"modified":"2025-10-16T15:21:05","modified_gmt":"2025-10-16T13:21:05","slug":"mentions-legales","status":"publish","type":"page","link":"https:\/\/www.giterochedesducs.com\/en\/legal-notices\/","title":{"rendered":"Legal notice"},"content":{"rendered":"<style>.elementor-472 .elementor-element.elementor-element-431931d{--display:flex;--flex-direction:column;--container-widget-width:100%;--container-widget-height:initial;--container-widget-flex-grow:0;--container-widget-align-self:initial;--flex-wrap-mobile:wrap;--gap:100px 100px;--row-gap:100px;--column-gap:100px;--overlay-opacity:0.68;--margin-top:0px;--margin-bottom:0px;--margin-left:0px;--margin-right:0px;--padding-top:200px;--padding-bottom:100px;--padding-left:0px;--padding-right:0px;}.elementor-472 .elementor-element.elementor-element-431931d:not(.elementor-motion-effects-element-type-background), .elementor-472 .elementor-element.elementor-element-431931d > .elementor-motion-effects-container > .elementor-motion-effects-layer{background-image:url(\"https:\/\/www.giterochedesducs.com\/wp-content\/uploads\/2025\/10\/loisirs-vacances-01.webp\");background-position:bottom center;background-repeat:no-repeat;background-size:cover;}.elementor-472 .elementor-element.elementor-element-431931d::before, .elementor-472 .elementor-element.elementor-element-431931d > .elementor-background-video-container::before, .elementor-472 .elementor-element.elementor-element-431931d > .e-con-inner > .elementor-background-video-container::before, .elementor-472 .elementor-element.elementor-element-431931d > .elementor-background-slideshow::before, .elementor-472 .elementor-element.elementor-element-431931d > .e-con-inner > .elementor-background-slideshow::before, .elementor-472 .elementor-element.elementor-element-431931d > .elementor-motion-effects-container > .elementor-motion-effects-layer::before{--background-overlay:'';background-color:transparent;background-image:linear-gradient(90deg, var( --e-global-color-5e4d625 ) 0%, var( --e-global-color-7730a49 ) 100%);}.elementor-472 .elementor-element.elementor-element-6961c1a{--display:flex;--flex-direction:row;--container-widget-width:initial;--container-widget-height:100%;--container-widget-flex-grow:1;--container-widget-align-self:stretch;--flex-wrap-mobile:wrap;--gap:60px 60px;--row-gap:60px;--column-gap:60px;--padding-top:0px;--padding-bottom:0px;--padding-left:0px;--padding-right:0px;}.elementor-472 .elementor-element.elementor-element-333bda3{--display:flex;--padding-top:0px;--padding-bottom:0px;--padding-left:0px;--padding-right:0px;}.elementor-472 .elementor-element.elementor-element-333bda3.e-con{--flex-grow:0;--flex-shrink:0;}.elementor-472 .elementor-element.elementor-element-6e39366 .jeg-elementor-kit.jkit-heading{text-align:center;}.elementor-472 .elementor-element.elementor-element-6e39366 .jeg-elementor-kit.jkit-heading .heading-title{font-family:var( --e-global-typography-c2c7ea2-font-family ), Sans-serif;font-size:var( --e-global-typography-c2c7ea2-font-size );font-weight:var( --e-global-typography-c2c7ea2-font-weight );line-height:var( --e-global-typography-c2c7ea2-line-height );letter-spacing:var( --e-global-typography-c2c7ea2-letter-spacing );word-spacing:var( --e-global-typography-c2c7ea2-word-spacing );color:var( --e-global-color-2b4dfaf );}.elementor-472 .elementor-element.elementor-element-6e39366 .jeg-elementor-kit.jkit-heading .heading-section-title{margin:-10px 0px -10px 0px;}.elementor-472 .elementor-element.elementor-element-6e39366 .jeg-elementor-kit.jkit-heading .heading-section-title .heading-title{padding:0px 0px 0px 0px;border-radius:0px 0px 0px 0px;}.elementor-472 .elementor-element.elementor-element-6e39366 .jeg-elementor-kit.jkit-heading .heading-title > span{color:var( --e-global-color-bea69e3 );font-family:var( --e-global-typography-7ede830-font-family ), Sans-serif;font-size:var( --e-global-typography-7ede830-font-size );font-weight:var( --e-global-typography-7ede830-font-weight );font-style:var( --e-global-typography-7ede830-font-style );line-height:var( --e-global-typography-7ede830-line-height );letter-spacing:var( --e-global-typography-7ede830-letter-spacing );word-spacing:var( --e-global-typography-7ede830-word-spacing );padding:0px 0px 0px 0px;}.elementor-472 .elementor-element.elementor-element-8b19c2e{--display:flex;--padding-top:100px;--padding-bottom:100px;--padding-left:10px;--padding-right:10px;}.elementor-472 .elementor-element.elementor-element-8b19c2e:not(.elementor-motion-effects-element-type-background), .elementor-472 .elementor-element.elementor-element-8b19c2e > .elementor-motion-effects-container > .elementor-motion-effects-layer{background-color:var( --e-global-color-2b4dfaf );}.elementor-widget-text-editor{font-family:var( --e-global-typography-text-font-family ), Sans-serif;font-weight:var( --e-global-typography-text-font-weight );color:var( --e-global-color-text );}.elementor-widget-text-editor.elementor-drop-cap-view-stacked .elementor-drop-cap{background-color:var( --e-global-color-primary );}.elementor-widget-text-editor.elementor-drop-cap-view-framed .elementor-drop-cap, .elementor-widget-text-editor.elementor-drop-cap-view-default .elementor-drop-cap{color:var( --e-global-color-primary );border-color:var( --e-global-color-primary );}.elementor-472 .elementor-element.elementor-element-19cf7c0{color:var( --e-global-color-d0648ae );}@media(min-width:768px){.elementor-472 .elementor-element.elementor-element-431931d{--content-width:1290px;}.elementor-472 .elementor-element.elementor-element-6961c1a{--content-width:1290px;}}@media(max-width:1024px) and (min-width:768px){.elementor-472 .elementor-element.elementor-element-333bda3{--width:100%;}}@media(min-width:1025px){.elementor-472 .elementor-element.elementor-element-431931d:not(.elementor-motion-effects-element-type-background), .elementor-472 .elementor-element.elementor-element-431931d > .elementor-motion-effects-container > .elementor-motion-effects-layer{background-attachment:fixed;}}@media(max-width:1024px){.elementor-472 .elementor-element.elementor-element-431931d{--overlay-opacity:0.8;--padding-top:200px;--padding-bottom:100px;--padding-left:20px;--padding-right:20px;}.elementor-472 .elementor-element.elementor-element-6961c1a{--flex-direction:column;--container-widget-width:100%;--container-widget-height:initial;--container-widget-flex-grow:0;--container-widget-align-self:initial;--flex-wrap-mobile:wrap;--gap:20px 20px;--row-gap:20px;--column-gap:20px;}.elementor-472 .elementor-element.elementor-element-6e39366 .jeg-elementor-kit.jkit-heading .heading-title{font-size:var( --e-global-typography-c2c7ea2-font-size );line-height:var( --e-global-typography-c2c7ea2-line-height );letter-spacing:var( --e-global-typography-c2c7ea2-letter-spacing );word-spacing:var( --e-global-typography-c2c7ea2-word-spacing );color:var( --e-global-color-2b4dfaf );}.elementor-472 .elementor-element.elementor-element-6e39366 .jeg-elementor-kit.jkit-heading .heading-title > span{color:var( --e-global-color-bea69e3 );font-size:var( --e-global-typography-7ede830-font-size );line-height:var( --e-global-typography-7ede830-line-height );letter-spacing:var( --e-global-typography-7ede830-letter-spacing );word-spacing:var( --e-global-typography-7ede830-word-spacing );}}@media(max-width:767px){.elementor-472 .elementor-element.elementor-element-431931d{--gap:20px 20px;--row-gap:20px;--column-gap:20px;--padding-top:150px;--padding-bottom:50px;--padding-left:20px;--padding-right:20px;}.elementor-472 .elementor-element.elementor-element-6e39366 .jeg-elementor-kit.jkit-heading{text-align:left;}.elementor-472 .elementor-element.elementor-element-6e39366 .jeg-elementor-kit.jkit-heading .heading-title{font-size:var( --e-global-typography-c2c7ea2-font-size );line-height:var( --e-global-typography-c2c7ea2-line-height );letter-spacing:var( --e-global-typography-c2c7ea2-letter-spacing );word-spacing:var( --e-global-typography-c2c7ea2-word-spacing );color:var( --e-global-color-2b4dfaf );}.elementor-472 .elementor-element.elementor-element-6e39366 .jeg-elementor-kit.jkit-heading .heading-title > span{color:var( --e-global-color-bea69e3 );font-size:var( --e-global-typography-7ede830-font-size );line-height:var( --e-global-typography-7ede830-line-height );letter-spacing:var( --e-global-typography-7ede830-letter-spacing );word-spacing:var( --e-global-typography-7ede830-word-spacing );}}<\/style>\t\t<div data-elementor-type=\"wp-page\" data-elementor-id=\"472\" class=\"elementor elementor-472\" data-elementor-post-type=\"page\">\n\t\t\t\t<div class=\"elementor-element elementor-element-431931d e-flex e-con-boxed e-con e-parent\" data-id=\"431931d\" data-element_type=\"container\" data-e-type=\"container\" data-settings=\"{&quot;background_background&quot;:&quot;classic&quot;}\">\n\t\t\t\t\t<div class=\"e-con-inner\">\n\t\t<div class=\"elementor-element elementor-element-6961c1a e-flex e-con-boxed e-con e-child\" data-id=\"6961c1a\" data-element_type=\"container\" data-e-type=\"container\">\n\t\t\t\t\t<div class=\"e-con-inner\">\n\t\t<div class=\"elementor-element elementor-element-333bda3 e-con-full e-flex e-con e-child\" data-id=\"333bda3\" data-element_type=\"container\" data-e-type=\"container\">\n\t\t\t\t<div class=\"elementor-element elementor-element-6e39366 elementor-widget elementor-widget-jkit_heading\" data-id=\"6e39366\" data-element_type=\"widget\" data-e-type=\"widget\" data-widget_type=\"jkit_heading.default\">\n\t\t\t\t<div class=\"elementor-widget-container\">\n\t\t\t\t\t<div  class=\"jeg-elementor-kit jkit-heading  align-center align-tablet- align-mobile-left jeg_module___69fb3de35c870\" ><div class=\"heading-section-title  display-inline\"><h1 class=\"heading-title\">Legal notice<\/h1><\/div><\/div>\t\t\t\t<\/div>\n\t\t\t\t<\/div>\n\t\t\t\t<\/div>\n\t\t\t\t\t<\/div>\n\t\t\t\t<\/div>\n\t\t\t\t\t<\/div>\n\t\t\t\t<\/div>\n\t\t<div class=\"elementor-element elementor-element-8b19c2e e-flex e-con-boxed e-con e-parent\" data-id=\"8b19c2e\" data-element_type=\"container\" data-e-type=\"container\" data-settings=\"{&quot;background_background&quot;:&quot;classic&quot;}\">\n\t\t\t\t\t<div class=\"e-con-inner\">\n\t\t\t\t<div class=\"elementor-element elementor-element-19cf7c0 elementor-widget elementor-widget-text-editor\" data-id=\"19cf7c0\" data-element_type=\"widget\" data-e-type=\"widget\" data-widget_type=\"text-editor.default\">\n\t\t\t\t<div class=\"elementor-widget-container\">\n\t\t\t\t\t\t\t\t\t<p>This page describes the legal notices that apply to all internet users visiting this site. As these legal notices may be modified at any time without prior notice, we encourage you to consult them regularly. All visitors to the website www.giterochedesducs.com certify that they accept the rules governing the operation of the Site. These provisions do not release them from the obligations they incur by accessing a third-party website or webpage via a link.<\/p>\n<p><strong>Confidentiality<\/strong><\/p>\n<p>G\u00eete de la Roche des Ducs SARL will not disclose to third parties any personal data concerning you that you may provide via email. This data will only be used to respond to you as effectively as possible.<\/p>\n<p>In accordance with Law No. 2004-801 of August 6, 2004, concerning the protection of individuals with regard to the processing of personal data and amending Law No. 78-17 of January 6, 1978, relating to information technology, data files and civil liberties, you have the right to access, modify, rectify and delete your personal data. This right can be exercised by contacting the webmaster.<\/p>\n<p><strong>Editor<\/strong><\/p>\n<p>G\u00eete de la Roche des Ducs SARL<br \/>24, Chemin de la Fourri\u00e8re du Moulin<br \/>88120 Rochesson<br \/>Tel.: 03 29 23 06 34<br \/>RCS: 538 109 232<\/p>\n<p>Publication Director: Mr. Christian BONTEMPS<\/p>\n<p><strong>Production, Hosting<\/strong><\/p>\n<p>ADVERTIS SARL<br \/>10 Lower Mine Ascent<br \/>88400 GERARDMER<br \/>Tel: 03.29.60.06.06<\/p>\t\t\t\t\t\t\t\t<\/div>\n\t\t\t\t<\/div>\n\t\t\t\t\t<\/div>\n\t\t\t\t<\/div>\n\t\t\t\t<\/div>","protected":false},"excerpt":{"rendered":"<p>Mentions l\u00e9gales Cette page d\u00e9crit les mentions l\u00e9gales qui s\u2019appliquent \u00e0 tout internaute visitant ce site. Les mentions l\u00e9gales pouvant \u00eatre modifi\u00e9es \u00e0 tout moment et sans pr\u00e9avis, nous vous engageons \u00e0 les consulter r\u00e9guli\u00e8rement. Tout visiteur du site www.giterochedesducs.com certifie accepter les r\u00e9gles r\u00e9gissant le fonctionnement du Site. Ces dispositions ne le d\u00e9chargent pas [&hellip;]<\/p>\n","protected":false},"author":7,"featured_media":0,"parent":0,"menu_order":0,"comment_status":"closed","ping_status":"closed","template":"elementor_header_footer","meta":{"footnotes":""},"folder":[79],"class_list":["post-472","page","type-page","status-publish","hentry"],"yoast_head":"<!-- This site is optimized with the Yoast SEO plugin v27.2 - https:\/\/yoast.com\/product\/yoast-seo-wordpress\/ -->\n<title>Mentions l\u00e9gales - Gite de la Roche des Ducs<\/title>\n<meta name=\"robots\" content=\"index, follow, max-snippet:-1, max-image-preview:large, max-video-preview:-1\" \/>\n<link rel=\"canonical\" href=\"https:\/\/www.giterochedesducs.com\/en\/legal-notices\/\" \/>\n<meta property=\"og:locale\" content=\"en_GB\" \/>\n<meta property=\"og:type\" content=\"article\" \/>\n<meta property=\"og:title\" content=\"Mentions l\u00e9gales - Gite de la Roche des Ducs\" \/>\n<meta property=\"og:description\" content=\"Mentions l\u00e9gales Cette page d\u00e9crit les mentions l\u00e9gales qui s\u2019appliquent \u00e0 tout internaute visitant ce site. Les mentions l\u00e9gales pouvant \u00eatre modifi\u00e9es \u00e0 tout moment et sans pr\u00e9avis, nous vous engageons \u00e0 les consulter r\u00e9guli\u00e8rement. Tout visiteur du site www.giterochedesducs.com certifie accepter les r\u00e9gles r\u00e9gissant le fonctionnement du Site. Ces dispositions ne le d\u00e9chargent pas [&hellip;]\" \/>\n<meta property=\"og:url\" content=\"https:\/\/www.giterochedesducs.com\/en\/legal-notices\/\" \/>\n<meta property=\"og:site_name\" content=\"Gite de la Roche des Ducs\" \/>\n<meta property=\"article:publisher\" content=\"https:\/\/www.facebook.com\/giterochedesducs\" \/>\n<meta property=\"article:modified_time\" content=\"2025-10-16T13:21:05+00:00\" \/>\n<meta property=\"og:image\" content=\"https:\/\/www.giterochedesducs.com\/wp-content\/uploads\/2026\/03\/vignette-gite.webp\" \/>\n\t<meta property=\"og:image:width\" content=\"1200\" \/>\n\t<meta property=\"og:image:height\" content=\"675\" \/>\n\t<meta property=\"og:image:type\" content=\"image\/webp\" \/>\n<meta name=\"twitter:card\" content=\"summary_large_image\" \/>\n<meta name=\"twitter:label1\" content=\"Estimated reading time\" \/>\n\t<meta name=\"twitter:data1\" content=\"2 minutes\" \/>\n<script type=\"application\/ld+json\" class=\"yoast-schema-graph\">{\"@context\":\"https:\/\/schema.org\",\"@graph\":[{\"@type\":\"WebPage\",\"@id\":\"https:\/\/www.giterochedesducs.com\/mentions-legales\/\",\"url\":\"https:\/\/www.giterochedesducs.com\/mentions-legales\/\",\"name\":\"Mentions l\u00e9gales - Gite de la Roche des Ducs\",\"isPartOf\":{\"@id\":\"https:\/\/www.giterochedesducs.com\/#website\"},\"datePublished\":\"2023-03-20T16:04:24+00:00\",\"dateModified\":\"2025-10-16T13:21:05+00:00\",\"breadcrumb\":{\"@id\":\"https:\/\/www.giterochedesducs.com\/mentions-legales\/#breadcrumb\"},\"inLanguage\":\"en-GB\",\"potentialAction\":[{\"@type\":\"ReadAction\",\"target\":[\"https:\/\/www.giterochedesducs.com\/mentions-legales\/\"]}]},{\"@type\":\"BreadcrumbList\",\"@id\":\"https:\/\/www.giterochedesducs.com\/mentions-legales\/#breadcrumb\",\"itemListElement\":[{\"@type\":\"ListItem\",\"position\":1,\"name\":\"Accueil\",\"item\":\"https:\/\/www.giterochedesducs.com\/\"},{\"@type\":\"ListItem\",\"position\":2,\"name\":\"Mentions l\u00e9gales\"}]},{\"@type\":\"WebSite\",\"@id\":\"https:\/\/www.giterochedesducs.com\/#website\",\"url\":\"https:\/\/www.giterochedesducs.com\/\",\"name\":\"G\u00eete Roche des Ducs avec piscine toute l'ann\u00e9e spa sauna\",\"description\":\"G\u00eete Roche des Ducs avec piscine toute l&#039;ann\u00e9e spa sauna\",\"publisher\":{\"@id\":\"https:\/\/www.giterochedesducs.com\/#organization\"},\"alternateName\":\"G\u00eete Roche des Ducs avec piscine toute l'ann\u00e9e spa sauna\",\"potentialAction\":[{\"@type\":\"SearchAction\",\"target\":{\"@type\":\"EntryPoint\",\"urlTemplate\":\"https:\/\/www.giterochedesducs.com\/?s={search_term_string}\"},\"query-input\":{\"@type\":\"PropertyValueSpecification\",\"valueRequired\":true,\"valueName\":\"search_term_string\"}}],\"inLanguage\":\"en-GB\"},{\"@type\":\"Organization\",\"@id\":\"https:\/\/www.giterochedesducs.com\/#organization\",\"name\":\"G\u00eete Roche des Ducs avec piscine toute l'ann\u00e9e spa sauna\",\"url\":\"https:\/\/www.giterochedesducs.com\/\",\"logo\":{\"@type\":\"ImageObject\",\"inLanguage\":\"en-GB\",\"@id\":\"https:\/\/www.giterochedesducs.com\/#\/schema\/logo\/image\/\",\"url\":\"https:\/\/www.giterochedesducs.com\/wp-content\/uploads\/2023\/02\/logo.png\",\"contentUrl\":\"https:\/\/www.giterochedesducs.com\/wp-content\/uploads\/2023\/02\/logo.png\",\"width\":189,\"height\":171,\"caption\":\"G\u00eete Roche des Ducs avec piscine toute l'ann\u00e9e spa sauna\"},\"image\":{\"@id\":\"https:\/\/www.giterochedesducs.com\/#\/schema\/logo\/image\/\"},\"sameAs\":[\"https:\/\/www.facebook.com\/giterochedesducs\"]}]}<\/script>\n<!-- \/ Yoast SEO plugin. -->","yoast_head_json":{"title":"Legal notice - Gite de la Roche des Ducs","robots":{"index":"index","follow":"follow","max-snippet":"max-snippet:-1","max-image-preview":"max-image-preview:large","max-video-preview":"max-video-preview:-1"},"canonical":"https:\/\/www.giterochedesducs.com\/en\/legal-notices\/","og_locale":"en_GB","og_type":"article","og_title":"Mentions l\u00e9gales - Gite de la Roche des Ducs","og_description":"Mentions l\u00e9gales Cette page d\u00e9crit les mentions l\u00e9gales qui s\u2019appliquent \u00e0 tout internaute visitant ce site. Les mentions l\u00e9gales pouvant \u00eatre modifi\u00e9es \u00e0 tout moment et sans pr\u00e9avis, nous vous engageons \u00e0 les consulter r\u00e9guli\u00e8rement. Tout visiteur du site www.giterochedesducs.com certifie accepter les r\u00e9gles r\u00e9gissant le fonctionnement du Site. Ces dispositions ne le d\u00e9chargent pas [&hellip;]","og_url":"https:\/\/www.giterochedesducs.com\/en\/legal-notices\/","og_site_name":"Gite de la Roche des Ducs","article_publisher":"https:\/\/www.facebook.com\/giterochedesducs","article_modified_time":"2025-10-16T13:21:05+00:00","og_image":[{"width":1200,"height":675,"url":"https:\/\/www.giterochedesducs.com\/wp-content\/uploads\/2026\/03\/vignette-gite.webp","type":"image\/webp"}],"twitter_card":"summary_large_image","twitter_misc":{"Estimated reading time":"2 minutes"},"schema":{"@context":"https:\/\/schema.org","@graph":[{"@type":"WebPage","@id":"https:\/\/www.giterochedesducs.com\/mentions-legales\/","url":"https:\/\/www.giterochedesducs.com\/mentions-legales\/","name":"Legal notice - Gite de la Roche des Ducs","isPartOf":{"@id":"https:\/\/www.giterochedesducs.com\/#website"},"datePublished":"2023-03-20T16:04:24+00:00","dateModified":"2025-10-16T13:21:05+00:00","breadcrumb":{"@id":"https:\/\/www.giterochedesducs.com\/mentions-legales\/#breadcrumb"},"inLanguage":"en-GB","potentialAction":[{"@type":"ReadAction","target":["https:\/\/www.giterochedesducs.com\/mentions-legales\/"]}]},{"@type":"BreadcrumbList","@id":"https:\/\/www.giterochedesducs.com\/mentions-legales\/#breadcrumb","itemListElement":[{"@type":"ListItem","position":1,"name":"Accueil","item":"https:\/\/www.giterochedesducs.com\/"},{"@type":"ListItem","position":2,"name":"Mentions l\u00e9gales"}]},{"@type":"WebSite","@id":"https:\/\/www.giterochedesducs.com\/#website","url":"https:\/\/www.giterochedesducs.com\/","name":"G\u00eete Roche des Ducs with year-round swimming pool, spa, and sauna","description":"G\u00eete Roche des Ducs with year-round swimming pool, spa, and sauna","publisher":{"@id":"https:\/\/www.giterochedesducs.com\/#organization"},"alternateName":"G\u00eete Roche des Ducs avec piscine toute l'ann\u00e9e spa sauna","potentialAction":[{"@type":"SearchAction","target":{"@type":"EntryPoint","urlTemplate":"https:\/\/www.giterochedesducs.com\/?s={search_term_string}"},"query-input":{"@type":"PropertyValueSpecification","valueRequired":true,"valueName":"search_term_string"}}],"inLanguage":"en-GB"},{"@type":"Organization","@id":"https:\/\/www.giterochedesducs.com\/#organization","name":"G\u00eete Roche des Ducs with year-round swimming pool, spa, and sauna","url":"https:\/\/www.giterochedesducs.com\/","logo":{"@type":"ImageObject","inLanguage":"en-GB","@id":"https:\/\/www.giterochedesducs.com\/#\/schema\/logo\/image\/","url":"https:\/\/www.giterochedesducs.com\/wp-content\/uploads\/2023\/02\/logo.png","contentUrl":"https:\/\/www.giterochedesducs.com\/wp-content\/uploads\/2023\/02\/logo.png","width":189,"height":171,"caption":"G\u00eete Roche des Ducs avec piscine toute l'ann\u00e9e spa sauna"},"image":{"@id":"https:\/\/www.giterochedesducs.com\/#\/schema\/logo\/image\/"},"sameAs":["https:\/\/www.facebook.com\/giterochedesducs"]}]}},"_links":{"self":[{"href":"https:\/\/www.giterochedesducs.com\/en\/wp-json\/wp\/v2\/pages\/472","targetHints":{"allow":["GET"]}}],"collection":[{"href":"https:\/\/www.giterochedesducs.com\/en\/wp-json\/wp\/v2\/pages"}],"about":[{"href":"https:\/\/www.giterochedesducs.com\/en\/wp-json\/wp\/v2\/types\/page"}],"author":[{"embeddable":true,"href":"https:\/\/www.giterochedesducs.com\/en\/wp-json\/wp\/v2\/users\/7"}],"replies":[{"embeddable":true,"href":"https:\/\/www.giterochedesducs.com\/en\/wp-json\/wp\/v2\/comments?post=472"}],"version-history":[{"count":4,"href":"https:\/\/www.giterochedesducs.com\/en\/wp-json\/wp\/v2\/pages\/472\/revisions"}],"predecessor-version":[{"id":7504,"href":"https:\/\/www.giterochedesducs.com\/en\/wp-json\/wp\/v2\/pages\/472\/revisions\/7504"}],"wp:attachment":[{"href":"https:\/\/www.giterochedesducs.com\/en\/wp-json\/wp\/v2\/media?parent=472"}],"wp:term":[{"taxonomy":"folder","embeddable":true,"href":"https:\/\/www.giterochedesducs.com\/en\/wp-json\/wp\/v2\/folder?post=472"}],"curies":[{"name":"wp","href":"https:\/\/api.w.org\/{rel}","templated":true}]}}