{"id":3876,"date":"2025-02-24T11:31:37","date_gmt":"2025-02-24T10:31:37","guid":{"rendered":"https:\/\/giterochedesducs.com\/?page_id=3876"},"modified":"2025-10-16T15:21:08","modified_gmt":"2025-10-16T13:21:08","slug":"politique-de-confidentialite-2","status":"publish","type":"page","link":"https:\/\/www.giterochedesducs.com\/en\/privacy-policy-2\/","title":{"rendered":"Privacy Policy"},"content":{"rendered":"<style>.elementor-3876 .elementor-element.elementor-element-9299b08{--display:flex;--flex-direction:column;--container-widget-width:100%;--container-widget-height:initial;--container-widget-flex-grow:0;--container-widget-align-self:initial;--flex-wrap-mobile:wrap;--gap:100px 100px;--row-gap:100px;--column-gap:100px;--overlay-opacity:0.68;--margin-top:0px;--margin-bottom:0px;--margin-left:0px;--margin-right:0px;--padding-top:200px;--padding-bottom:100px;--padding-left:0px;--padding-right:0px;}.elementor-3876 .elementor-element.elementor-element-9299b08:not(.elementor-motion-effects-element-type-background), .elementor-3876 .elementor-element.elementor-element-9299b08 > .elementor-motion-effects-container > .elementor-motion-effects-layer{background-image:url(\"https:\/\/www.giterochedesducs.com\/wp-content\/uploads\/2025\/10\/loisirs-vacances-01.webp\");background-position:bottom center;background-repeat:no-repeat;background-size:cover;}.elementor-3876 .elementor-element.elementor-element-9299b08::before, .elementor-3876 .elementor-element.elementor-element-9299b08 > .elementor-background-video-container::before, .elementor-3876 .elementor-element.elementor-element-9299b08 > .e-con-inner > .elementor-background-video-container::before, .elementor-3876 .elementor-element.elementor-element-9299b08 > .elementor-background-slideshow::before, .elementor-3876 .elementor-element.elementor-element-9299b08 > .e-con-inner > .elementor-background-slideshow::before, .elementor-3876 .elementor-element.elementor-element-9299b08 > .elementor-motion-effects-container > .elementor-motion-effects-layer::before{--background-overlay:'';background-color:transparent;background-image:linear-gradient(90deg, var( --e-global-color-5e4d625 ) 0%, var( --e-global-color-7730a49 ) 100%);}.elementor-3876 .elementor-element.elementor-element-b699076{--display:flex;--flex-direction:row;--container-widget-width:initial;--container-widget-height:100%;--container-widget-flex-grow:1;--container-widget-align-self:stretch;--flex-wrap-mobile:wrap;--gap:60px 60px;--row-gap:60px;--column-gap:60px;--padding-top:0px;--padding-bottom:0px;--padding-left:0px;--padding-right:0px;}.elementor-3876 .elementor-element.elementor-element-0d43dc5{--display:flex;--padding-top:0px;--padding-bottom:0px;--padding-left:0px;--padding-right:0px;}.elementor-3876 .elementor-element.elementor-element-0d43dc5.e-con{--flex-grow:0;--flex-shrink:0;}.elementor-3876 .elementor-element.elementor-element-8ea2706 .jeg-elementor-kit.jkit-heading{text-align:center;}.elementor-3876 .elementor-element.elementor-element-8ea2706 .jeg-elementor-kit.jkit-heading .heading-title{font-family:var( --e-global-typography-c2c7ea2-font-family ), Sans-serif;font-size:var( --e-global-typography-c2c7ea2-font-size );font-weight:var( --e-global-typography-c2c7ea2-font-weight );line-height:var( --e-global-typography-c2c7ea2-line-height );letter-spacing:var( --e-global-typography-c2c7ea2-letter-spacing );word-spacing:var( --e-global-typography-c2c7ea2-word-spacing );color:var( --e-global-color-2b4dfaf );}.elementor-3876 .elementor-element.elementor-element-8ea2706 .jeg-elementor-kit.jkit-heading .heading-section-title{margin:-10px 0px -10px 0px;}.elementor-3876 .elementor-element.elementor-element-8ea2706 .jeg-elementor-kit.jkit-heading .heading-section-title .heading-title{padding:0px 0px 0px 0px;border-radius:0px 0px 0px 0px;}.elementor-3876 .elementor-element.elementor-element-8ea2706 .jeg-elementor-kit.jkit-heading .heading-title > span{color:var( --e-global-color-bea69e3 );font-family:var( --e-global-typography-7ede830-font-family ), Sans-serif;font-size:var( --e-global-typography-7ede830-font-size );font-weight:var( --e-global-typography-7ede830-font-weight );font-style:var( --e-global-typography-7ede830-font-style );line-height:var( --e-global-typography-7ede830-line-height );letter-spacing:var( --e-global-typography-7ede830-letter-spacing );word-spacing:var( --e-global-typography-7ede830-word-spacing );padding:0px 0px 0px 0px;}.elementor-3876 .elementor-element.elementor-element-fad658a{--display:flex;--padding-top:100px;--padding-bottom:100px;--padding-left:10px;--padding-right:10px;}.elementor-3876 .elementor-element.elementor-element-fad658a:not(.elementor-motion-effects-element-type-background), .elementor-3876 .elementor-element.elementor-element-fad658a > .elementor-motion-effects-container > .elementor-motion-effects-layer{background-color:var( --e-global-color-2b4dfaf );}.elementor-widget-text-editor{font-family:var( --e-global-typography-text-font-family ), Sans-serif;font-weight:var( --e-global-typography-text-font-weight );color:var( --e-global-color-text );}.elementor-widget-text-editor.elementor-drop-cap-view-stacked .elementor-drop-cap{background-color:var( --e-global-color-primary );}.elementor-widget-text-editor.elementor-drop-cap-view-framed .elementor-drop-cap, .elementor-widget-text-editor.elementor-drop-cap-view-default .elementor-drop-cap{color:var( --e-global-color-primary );border-color:var( --e-global-color-primary );}.elementor-3876 .elementor-element.elementor-element-826a333{color:var( --e-global-color-d0648ae );}@media(min-width:768px){.elementor-3876 .elementor-element.elementor-element-9299b08{--content-width:1290px;}.elementor-3876 .elementor-element.elementor-element-b699076{--content-width:1290px;}}@media(max-width:1024px) and (min-width:768px){.elementor-3876 .elementor-element.elementor-element-0d43dc5{--width:100%;}}@media(min-width:1025px){.elementor-3876 .elementor-element.elementor-element-9299b08:not(.elementor-motion-effects-element-type-background), .elementor-3876 .elementor-element.elementor-element-9299b08 > .elementor-motion-effects-container > .elementor-motion-effects-layer{background-attachment:fixed;}}@media(max-width:1024px){.elementor-3876 .elementor-element.elementor-element-9299b08{--overlay-opacity:0.8;--padding-top:200px;--padding-bottom:100px;--padding-left:20px;--padding-right:20px;}.elementor-3876 .elementor-element.elementor-element-b699076{--flex-direction:column;--container-widget-width:100%;--container-widget-height:initial;--container-widget-flex-grow:0;--container-widget-align-self:initial;--flex-wrap-mobile:wrap;--gap:20px 20px;--row-gap:20px;--column-gap:20px;}.elementor-3876 .elementor-element.elementor-element-8ea2706 .jeg-elementor-kit.jkit-heading .heading-title{font-size:var( --e-global-typography-c2c7ea2-font-size );line-height:var( --e-global-typography-c2c7ea2-line-height );letter-spacing:var( --e-global-typography-c2c7ea2-letter-spacing );word-spacing:var( --e-global-typography-c2c7ea2-word-spacing );color:var( --e-global-color-2b4dfaf );}.elementor-3876 .elementor-element.elementor-element-8ea2706 .jeg-elementor-kit.jkit-heading .heading-title > span{color:var( --e-global-color-bea69e3 );font-size:var( --e-global-typography-7ede830-font-size );line-height:var( --e-global-typography-7ede830-line-height );letter-spacing:var( --e-global-typography-7ede830-letter-spacing );word-spacing:var( --e-global-typography-7ede830-word-spacing );}}@media(max-width:767px){.elementor-3876 .elementor-element.elementor-element-9299b08{--gap:20px 20px;--row-gap:20px;--column-gap:20px;--padding-top:150px;--padding-bottom:50px;--padding-left:20px;--padding-right:20px;}.elementor-3876 .elementor-element.elementor-element-8ea2706 .jeg-elementor-kit.jkit-heading{text-align:left;}.elementor-3876 .elementor-element.elementor-element-8ea2706 .jeg-elementor-kit.jkit-heading .heading-title{font-size:var( --e-global-typography-c2c7ea2-font-size );line-height:var( --e-global-typography-c2c7ea2-line-height );letter-spacing:var( --e-global-typography-c2c7ea2-letter-spacing );word-spacing:var( --e-global-typography-c2c7ea2-word-spacing );color:var( --e-global-color-2b4dfaf );}.elementor-3876 .elementor-element.elementor-element-8ea2706 .jeg-elementor-kit.jkit-heading .heading-title > span{color:var( --e-global-color-bea69e3 );font-size:var( --e-global-typography-7ede830-font-size );line-height:var( --e-global-typography-7ede830-line-height );letter-spacing:var( --e-global-typography-7ede830-letter-spacing );word-spacing:var( --e-global-typography-7ede830-word-spacing );}}<\/style>\t\t<div data-elementor-type=\"wp-page\" data-elementor-id=\"3876\" class=\"elementor elementor-3876\" data-elementor-post-type=\"page\">\n\t\t\t\t<div class=\"elementor-element elementor-element-9299b08 e-flex e-con-boxed e-con e-parent\" data-id=\"9299b08\" data-element_type=\"container\" data-e-type=\"container\" data-settings=\"{&quot;background_background&quot;:&quot;classic&quot;}\">\n\t\t\t\t\t<div class=\"e-con-inner\">\n\t\t<div class=\"elementor-element elementor-element-b699076 e-flex e-con-boxed e-con e-child\" data-id=\"b699076\" data-element_type=\"container\" data-e-type=\"container\">\n\t\t\t\t\t<div class=\"e-con-inner\">\n\t\t<div class=\"elementor-element elementor-element-0d43dc5 e-con-full e-flex e-con e-child\" data-id=\"0d43dc5\" data-element_type=\"container\" data-e-type=\"container\">\n\t\t\t\t<div class=\"elementor-element elementor-element-8ea2706 elementor-widget elementor-widget-jkit_heading\" data-id=\"8ea2706\" data-element_type=\"widget\" data-e-type=\"widget\" data-widget_type=\"jkit_heading.default\">\n\t\t\t\t<div class=\"elementor-widget-container\">\n\t\t\t\t\t<div  class=\"jeg-elementor-kit jkit-heading  align-center align-tablet- align-mobile-left jeg_module___69fb3e26503dd\" ><div class=\"heading-section-title  display-inline\"><h1 class=\"heading-title\">Privacy Policy<\/h1><\/div><\/div>\t\t\t\t<\/div>\n\t\t\t\t<\/div>\n\t\t\t\t<\/div>\n\t\t\t\t\t<\/div>\n\t\t\t\t<\/div>\n\t\t\t\t\t<\/div>\n\t\t\t\t<\/div>\n\t\t<div class=\"elementor-element elementor-element-fad658a e-flex e-con-boxed e-con e-parent\" data-id=\"fad658a\" data-element_type=\"container\" data-e-type=\"container\" data-settings=\"{&quot;background_background&quot;:&quot;classic&quot;}\">\n\t\t\t\t\t<div class=\"e-con-inner\">\n\t\t\t\t<div class=\"elementor-element elementor-element-826a333 elementor-widget elementor-widget-text-editor\" data-id=\"826a333\" data-element_type=\"widget\" data-e-type=\"widget\" data-widget_type=\"text-editor.default\">\n\t\t\t\t<div class=\"elementor-widget-container\">\n\t\t\t\t\t\t\t\t\t<h2 class=\"wp-block-heading\"><strong>1. Introduction<\/strong><\/h2>\n<p>As part of its operations, G\u00eete de la Roche des Ducs collects and processes certain personal data from users. We are committed to respecting the confidentiality and security of this data, in accordance with the General Data Protection Regulation (GDPR).<\/p>\n<h2 class=\"wp-block-heading\"><strong>2. Data collected<\/strong><\/h2>\n<p>We collect the following data:<\/p>\n<ul class=\"wp-block-list\">\n<li><strong>Data provided directly<\/strong>\u00a0Name, surname, email address, telephone number, postal address (when booking or via a contact form).<\/li>\n<li><strong>Data collected automatically<\/strong>\u00a0IP address, browser type, pages visited (via cookies and analytics tools).<\/li>\n<\/ul>\n<h2 class=\"wp-block-heading\"><strong>3. Purposes of data processing<\/strong><\/h2>\n<p>The data collected is used for:<\/p>\n<ul class=\"wp-block-list\">\n<li>Manage bookings and inquiries.<\/li>\n<li>Send confirmations and communications related to your stay.<\/li>\n<li>Improve our website and user experience.<\/li>\n<li>Comply with our legal and accounting obligations.<\/li>\n<\/ul>\n<h2 class=\"wp-block-heading\"><strong>4. Legal basis for processing<\/strong><\/h2>\n<p>Data processing is based on:<\/p>\n<ul class=\"wp-block-list\">\n<li>Your consent (newsletter subscription, use of cookies).<\/li>\n<li>The execution of a contract (booking management).<\/li>\n<li>Our legal obligations and our legitimate interest (service improvement, site security).<\/li>\n<\/ul>\n<h2 class=\"wp-block-heading\"><strong>5. Shelf life<\/strong><\/h2>\n<p>We retain the following data:<\/p>\n<ul class=\"wp-block-list\">\n<li><strong>Invoices and legal documents<\/strong>\u00a0: 10 years (legal obligation).<\/li>\n<li><strong>Cookies and analytics data<\/strong>\u00a013 months maximum.<\/li>\n<\/ul>\n<h2 class=\"wp-block-heading\"><strong>6. Data Sharing<\/strong><\/h2>\n<p>Your data may be shared with:<\/p>\n<ul class=\"wp-block-list\">\n<li>Our technical service providers (web hosting, payment management, emailing).<\/li>\n<li>The competent authorities if required by law.<\/li>\n<\/ul>\n<p>We do not sell or rent your data to third parties.<\/p>\n<h2 class=\"wp-block-heading\"><strong>7. Data Security<\/strong><\/h2>\n<p>We implement technical and organizational measures to protect your data against unauthorized access, loss or disclosure.<\/p>\n<h2 class=\"wp-block-heading\"><strong>8. Your rights<\/strong><\/h2>\n<p>In accordance with the GDPR, you have the right to:<\/p>\n<ul class=\"wp-block-list\">\n<li>Access your data.<\/li>\n<li>Correct or delete your information.<\/li>\n<li>You have the right to object to the processing or to request its limitation.<\/li>\n<li>Request the portability of your data.<\/li>\n<li>Withdraw your consent at any time (for marketing communications).<\/li>\n<\/ul>\n<p>To exercise your rights, contact us at contact@giterochedesducs.com<\/p>\n<h2 class=\"wp-block-heading\"><strong>9. Cookies<\/strong><\/h2>\n<p>We use cookies to improve user experience. You can accept, reject, or configure them via our consent banner.<\/p>\n<h2 class=\"wp-block-heading\"><strong>10. Contact<\/strong><\/h2>\n<p>For any questions about this privacy policy, you can contact us:<br \/><img decoding=\"async\" class=\"emoji\" role=\"img\" draggable=\"false\" src=\"https:\/\/s.w.org\/images\/core\/emoji\/16.0.1\/svg\/1f4e7.svg\" alt=\"\ud83d\udce7\" \/>\u00a0Email: contact@giterochedesducs.com<br \/><img decoding=\"async\" class=\"emoji\" role=\"img\" draggable=\"false\" src=\"https:\/\/s.w.org\/images\/core\/emoji\/16.0.1\/svg\/1f4cd.svg\" alt=\"\ud83d\udccd\" \/>\u00a0Address: 24 Chemin de la Fourri\u00e8re du Moulin \u2013 88120 Rochesson<\/p>\t\t\t\t\t\t\t\t<\/div>\n\t\t\t\t<\/div>\n\t\t\t\t\t<\/div>\n\t\t\t\t<\/div>\n\t\t\t\t<\/div>","protected":false},"excerpt":{"rendered":"<p>Politique de confidentialit\u00e9 1. Introduction Dans le cadre de son activit\u00e9, le G\u00eete de la Roche des Ducs collecte et traite certaines donn\u00e9es personnelles des utilisateurs. Nous nous engageons \u00e0 respecter la confidentialit\u00e9 et la s\u00e9curit\u00e9 de ces donn\u00e9es, conform\u00e9ment au R\u00e8glement G\u00e9n\u00e9ral sur la Protection des Donn\u00e9es (RGPD). 2. Donn\u00e9es collect\u00e9es Nous collectons les [&hellip;]<\/p>\n","protected":false},"author":7,"featured_media":0,"parent":0,"menu_order":0,"comment_status":"closed","ping_status":"closed","template":"elementor_header_footer","meta":{"footnotes":""},"folder":[79],"class_list":["post-3876","page","type-page","status-publish","hentry"],"yoast_head":"<!-- This site is optimized with the Yoast SEO plugin v27.2 - https:\/\/yoast.com\/product\/yoast-seo-wordpress\/ -->\n<title>Politique de confidentialit\u00e9 - Gite de la Roche des Ducs<\/title>\n<meta name=\"robots\" content=\"index, follow, max-snippet:-1, max-image-preview:large, max-video-preview:-1\" \/>\n<link rel=\"canonical\" href=\"https:\/\/www.giterochedesducs.com\/en\/privacy-policy-2\/\" \/>\n<meta property=\"og:locale\" content=\"en_GB\" \/>\n<meta property=\"og:type\" content=\"article\" \/>\n<meta property=\"og:title\" content=\"Politique de confidentialit\u00e9 - Gite de la Roche des Ducs\" \/>\n<meta property=\"og:description\" content=\"Politique de confidentialit\u00e9 1. Introduction Dans le cadre de son activit\u00e9, le G\u00eete de la Roche des Ducs collecte et traite certaines donn\u00e9es personnelles des utilisateurs. Nous nous engageons \u00e0 respecter la confidentialit\u00e9 et la s\u00e9curit\u00e9 de ces donn\u00e9es, conform\u00e9ment au R\u00e8glement G\u00e9n\u00e9ral sur la Protection des Donn\u00e9es (RGPD). 2. Donn\u00e9es collect\u00e9es Nous collectons les [&hellip;]\" \/>\n<meta property=\"og:url\" content=\"https:\/\/www.giterochedesducs.com\/en\/privacy-policy-2\/\" \/>\n<meta property=\"og:site_name\" content=\"Gite de la Roche des Ducs\" \/>\n<meta property=\"article:publisher\" content=\"https:\/\/www.facebook.com\/giterochedesducs\" \/>\n<meta property=\"article:modified_time\" content=\"2025-10-16T13:21:08+00:00\" \/>\n<meta property=\"og:image\" content=\"https:\/\/s.w.org\/images\/core\/emoji\/16.0.1\/svg\/1f4e7.svg\" \/>\n<meta name=\"twitter:card\" content=\"summary_large_image\" \/>\n<meta name=\"twitter:label1\" content=\"Estimated reading time\" \/>\n\t<meta name=\"twitter:data1\" content=\"3 minutes\" \/>\n<script type=\"application\/ld+json\" class=\"yoast-schema-graph\">{\"@context\":\"https:\/\/schema.org\",\"@graph\":[{\"@type\":\"WebPage\",\"@id\":\"https:\/\/www.giterochedesducs.com\/politique-de-confidentialite-2\/\",\"url\":\"https:\/\/www.giterochedesducs.com\/politique-de-confidentialite-2\/\",\"name\":\"Politique de confidentialit\u00e9 - Gite de la Roche des Ducs\",\"isPartOf\":{\"@id\":\"https:\/\/www.giterochedesducs.com\/#website\"},\"primaryImageOfPage\":{\"@id\":\"https:\/\/www.giterochedesducs.com\/politique-de-confidentialite-2\/#primaryimage\"},\"image\":{\"@id\":\"https:\/\/www.giterochedesducs.com\/politique-de-confidentialite-2\/#primaryimage\"},\"thumbnailUrl\":\"https:\/\/s.w.org\/images\/core\/emoji\/16.0.1\/svg\/1f4e7.svg\",\"datePublished\":\"2025-02-24T10:31:37+00:00\",\"dateModified\":\"2025-10-16T13:21:08+00:00\",\"breadcrumb\":{\"@id\":\"https:\/\/www.giterochedesducs.com\/politique-de-confidentialite-2\/#breadcrumb\"},\"inLanguage\":\"en-GB\",\"potentialAction\":[{\"@type\":\"ReadAction\",\"target\":[\"https:\/\/www.giterochedesducs.com\/politique-de-confidentialite-2\/\"]}]},{\"@type\":\"ImageObject\",\"inLanguage\":\"en-GB\",\"@id\":\"https:\/\/www.giterochedesducs.com\/politique-de-confidentialite-2\/#primaryimage\",\"url\":\"https:\/\/s.w.org\/images\/core\/emoji\/16.0.1\/svg\/1f4e7.svg\",\"contentUrl\":\"https:\/\/s.w.org\/images\/core\/emoji\/16.0.1\/svg\/1f4e7.svg\"},{\"@type\":\"BreadcrumbList\",\"@id\":\"https:\/\/www.giterochedesducs.com\/politique-de-confidentialite-2\/#breadcrumb\",\"itemListElement\":[{\"@type\":\"ListItem\",\"position\":1,\"name\":\"Accueil\",\"item\":\"https:\/\/www.giterochedesducs.com\/\"},{\"@type\":\"ListItem\",\"position\":2,\"name\":\"Politique de confidentialit\u00e9\"}]},{\"@type\":\"WebSite\",\"@id\":\"https:\/\/www.giterochedesducs.com\/#website\",\"url\":\"https:\/\/www.giterochedesducs.com\/\",\"name\":\"G\u00eete Roche des Ducs avec piscine toute l'ann\u00e9e spa sauna\",\"description\":\"G\u00eete Roche des Ducs avec piscine toute l&#039;ann\u00e9e spa sauna\",\"publisher\":{\"@id\":\"https:\/\/www.giterochedesducs.com\/#organization\"},\"alternateName\":\"G\u00eete Roche des Ducs avec piscine toute l'ann\u00e9e spa sauna\",\"potentialAction\":[{\"@type\":\"SearchAction\",\"target\":{\"@type\":\"EntryPoint\",\"urlTemplate\":\"https:\/\/www.giterochedesducs.com\/?s={search_term_string}\"},\"query-input\":{\"@type\":\"PropertyValueSpecification\",\"valueRequired\":true,\"valueName\":\"search_term_string\"}}],\"inLanguage\":\"en-GB\"},{\"@type\":\"Organization\",\"@id\":\"https:\/\/www.giterochedesducs.com\/#organization\",\"name\":\"G\u00eete Roche des Ducs avec piscine toute l'ann\u00e9e spa sauna\",\"url\":\"https:\/\/www.giterochedesducs.com\/\",\"logo\":{\"@type\":\"ImageObject\",\"inLanguage\":\"en-GB\",\"@id\":\"https:\/\/www.giterochedesducs.com\/#\/schema\/logo\/image\/\",\"url\":\"https:\/\/www.giterochedesducs.com\/wp-content\/uploads\/2023\/02\/logo.png\",\"contentUrl\":\"https:\/\/www.giterochedesducs.com\/wp-content\/uploads\/2023\/02\/logo.png\",\"width\":189,\"height\":171,\"caption\":\"G\u00eete Roche des Ducs avec piscine toute l'ann\u00e9e spa sauna\"},\"image\":{\"@id\":\"https:\/\/www.giterochedesducs.com\/#\/schema\/logo\/image\/\"},\"sameAs\":[\"https:\/\/www.facebook.com\/giterochedesducs\"]}]}<\/script>\n<!-- \/ Yoast SEO plugin. -->","yoast_head_json":{"title":"Privacy Policy - Gite de la Roche des Ducs","robots":{"index":"index","follow":"follow","max-snippet":"max-snippet:-1","max-image-preview":"max-image-preview:large","max-video-preview":"max-video-preview:-1"},"canonical":"https:\/\/www.giterochedesducs.com\/en\/privacy-policy-2\/","og_locale":"en_GB","og_type":"article","og_title":"Politique de confidentialit\u00e9 - Gite de la Roche des Ducs","og_description":"Politique de confidentialit\u00e9 1. Introduction Dans le cadre de son activit\u00e9, le G\u00eete de la Roche des Ducs collecte et traite certaines donn\u00e9es personnelles des utilisateurs. Nous nous engageons \u00e0 respecter la confidentialit\u00e9 et la s\u00e9curit\u00e9 de ces donn\u00e9es, conform\u00e9ment au R\u00e8glement G\u00e9n\u00e9ral sur la Protection des Donn\u00e9es (RGPD). 2. Donn\u00e9es collect\u00e9es Nous collectons les [&hellip;]","og_url":"https:\/\/www.giterochedesducs.com\/en\/privacy-policy-2\/","og_site_name":"Gite de la Roche des Ducs","article_publisher":"https:\/\/www.facebook.com\/giterochedesducs","article_modified_time":"2025-10-16T13:21:08+00:00","og_image":[{"url":"https:\/\/s.w.org\/images\/core\/emoji\/16.0.1\/svg\/1f4e7.svg","type":"","width":"","height":""}],"twitter_card":"summary_large_image","twitter_misc":{"Estimated reading time":"3 minutes"},"schema":{"@context":"https:\/\/schema.org","@graph":[{"@type":"WebPage","@id":"https:\/\/www.giterochedesducs.com\/politique-de-confidentialite-2\/","url":"https:\/\/www.giterochedesducs.com\/politique-de-confidentialite-2\/","name":"Privacy Policy - Gite de la Roche des Ducs","isPartOf":{"@id":"https:\/\/www.giterochedesducs.com\/#website"},"primaryImageOfPage":{"@id":"https:\/\/www.giterochedesducs.com\/politique-de-confidentialite-2\/#primaryimage"},"image":{"@id":"https:\/\/www.giterochedesducs.com\/politique-de-confidentialite-2\/#primaryimage"},"thumbnailUrl":"https:\/\/s.w.org\/images\/core\/emoji\/16.0.1\/svg\/1f4e7.svg","datePublished":"2025-02-24T10:31:37+00:00","dateModified":"2025-10-16T13:21:08+00:00","breadcrumb":{"@id":"https:\/\/www.giterochedesducs.com\/politique-de-confidentialite-2\/#breadcrumb"},"inLanguage":"en-GB","potentialAction":[{"@type":"ReadAction","target":["https:\/\/www.giterochedesducs.com\/politique-de-confidentialite-2\/"]}]},{"@type":"ImageObject","inLanguage":"en-GB","@id":"https:\/\/www.giterochedesducs.com\/politique-de-confidentialite-2\/#primaryimage","url":"https:\/\/s.w.org\/images\/core\/emoji\/16.0.1\/svg\/1f4e7.svg","contentUrl":"https:\/\/s.w.org\/images\/core\/emoji\/16.0.1\/svg\/1f4e7.svg"},{"@type":"BreadcrumbList","@id":"https:\/\/www.giterochedesducs.com\/politique-de-confidentialite-2\/#breadcrumb","itemListElement":[{"@type":"ListItem","position":1,"name":"Accueil","item":"https:\/\/www.giterochedesducs.com\/"},{"@type":"ListItem","position":2,"name":"Politique de confidentialit\u00e9"}]},{"@type":"WebSite","@id":"https:\/\/www.giterochedesducs.com\/#website","url":"https:\/\/www.giterochedesducs.com\/","name":"G\u00eete Roche des Ducs with year-round swimming pool, spa, and sauna","description":"G\u00eete Roche des Ducs with year-round swimming pool, spa, and sauna","publisher":{"@id":"https:\/\/www.giterochedesducs.com\/#organization"},"alternateName":"G\u00eete Roche des Ducs avec piscine toute l'ann\u00e9e spa sauna","potentialAction":[{"@type":"SearchAction","target":{"@type":"EntryPoint","urlTemplate":"https:\/\/www.giterochedesducs.com\/?s={search_term_string}"},"query-input":{"@type":"PropertyValueSpecification","valueRequired":true,"valueName":"search_term_string"}}],"inLanguage":"en-GB"},{"@type":"Organization","@id":"https:\/\/www.giterochedesducs.com\/#organization","name":"G\u00eete Roche des Ducs with year-round swimming pool, spa, and sauna","url":"https:\/\/www.giterochedesducs.com\/","logo":{"@type":"ImageObject","inLanguage":"en-GB","@id":"https:\/\/www.giterochedesducs.com\/#\/schema\/logo\/image\/","url":"https:\/\/www.giterochedesducs.com\/wp-content\/uploads\/2023\/02\/logo.png","contentUrl":"https:\/\/www.giterochedesducs.com\/wp-content\/uploads\/2023\/02\/logo.png","width":189,"height":171,"caption":"G\u00eete Roche des Ducs avec piscine toute l'ann\u00e9e spa sauna"},"image":{"@id":"https:\/\/www.giterochedesducs.com\/#\/schema\/logo\/image\/"},"sameAs":["https:\/\/www.facebook.com\/giterochedesducs"]}]}},"_links":{"self":[{"href":"https:\/\/www.giterochedesducs.com\/en\/wp-json\/wp\/v2\/pages\/3876","targetHints":{"allow":["GET"]}}],"collection":[{"href":"https:\/\/www.giterochedesducs.com\/en\/wp-json\/wp\/v2\/pages"}],"about":[{"href":"https:\/\/www.giterochedesducs.com\/en\/wp-json\/wp\/v2\/types\/page"}],"author":[{"embeddable":true,"href":"https:\/\/www.giterochedesducs.com\/en\/wp-json\/wp\/v2\/users\/7"}],"replies":[{"embeddable":true,"href":"https:\/\/www.giterochedesducs.com\/en\/wp-json\/wp\/v2\/comments?post=3876"}],"version-history":[{"count":4,"href":"https:\/\/www.giterochedesducs.com\/en\/wp-json\/wp\/v2\/pages\/3876\/revisions"}],"predecessor-version":[{"id":7500,"href":"https:\/\/www.giterochedesducs.com\/en\/wp-json\/wp\/v2\/pages\/3876\/revisions\/7500"}],"wp:attachment":[{"href":"https:\/\/www.giterochedesducs.com\/en\/wp-json\/wp\/v2\/media?parent=3876"}],"wp:term":[{"taxonomy":"folder","embeddable":true,"href":"https:\/\/www.giterochedesducs.com\/en\/wp-json\/wp\/v2\/folder?post=3876"}],"curies":[{"name":"wp","href":"https:\/\/api.w.org\/{rel}","templated":true}]}}